{"id":679,"date":"2026-04-04T12:19:42","date_gmt":"2026-04-04T12:19:42","guid":{"rendered":"https:\/\/delamarebonfim.adv.br\/site\/?page_id=679"},"modified":"2026-04-06T14:01:40","modified_gmt":"2026-04-06T14:01:40","slug":"artigos-2","status":"publish","type":"page","link":"https:\/\/delamarebonfim.adv.br\/site\/artigos-2\/","title":{"rendered":"ARTIGOS"},"content":{"rendered":"\t\t<div data-elementor-type=\"wp-page\" data-elementor-id=\"679\" class=\"elementor elementor-679\">\n\t\t\t\t\t\t<section class=\"elementor-section elementor-top-section elementor-element elementor-element-e034b49 elementor-section-stretched elementor-section-height-min-height elementor-section-boxed elementor-section-height-default elementor-section-items-middle\" data-id=\"e034b49\" data-element_type=\"section\" data-e-type=\"section\" data-settings=\"{&quot;stretch_section&quot;:&quot;section-stretched&quot;,&quot;background_background&quot;:&quot;classic&quot;}\">\n\t\t\t\t\t\t<div class=\"elementor-container elementor-column-gap-default\">\n\t\t\t\t\t<div class=\"elementor-column elementor-col-100 elementor-top-column elementor-element elementor-element-ab96777\" data-id=\"ab96777\" data-element_type=\"column\" data-e-type=\"column\">\n\t\t\t<div class=\"elementor-widget-wrap elementor-element-populated\">\n\t\t\t\t\t\t<div class=\"elementor-element elementor-element-87dbb9d elementor-widget elementor-widget-heading\" data-id=\"87dbb9d\" data-element_type=\"widget\" data-e-type=\"widget\" data-widget_type=\"heading.default\">\n\t\t\t\t<div class=\"elementor-widget-container\">\n\t\t\t\t\t<h2 class=\"elementor-heading-title elementor-size-default\">Artigos<\/h2>\t\t\t\t<\/div>\n\t\t\t\t<\/div>\n\t\t\t\t\t<\/div>\n\t\t<\/div>\n\t\t\t\t\t<\/div>\n\t\t<\/section>\n\t\t\t\t<section class=\"elementor-section elementor-top-section elementor-element elementor-element-ced01b1 elementor-section-boxed elementor-section-height-default elementor-section-height-default\" data-id=\"ced01b1\" data-element_type=\"section\" data-e-type=\"section\">\n\t\t\t\t\t\t<div class=\"elementor-container elementor-column-gap-default\">\n\t\t\t\t\t<div class=\"elementor-column elementor-col-100 elementor-top-column elementor-element elementor-element-e76cb96\" data-id=\"e76cb96\" data-element_type=\"column\" data-e-type=\"column\">\n\t\t\t<div class=\"elementor-widget-wrap elementor-element-populated\">\n\t\t\t\t\t\t<div class=\"elementor-element elementor-element-bfad396 elementor-widget elementor-widget-stratum-instagram\" data-id=\"bfad396\" data-element_type=\"widget\" data-e-type=\"widget\" data-widget_type=\"stratum-instagram.default\">\n\t\t\t\t<div class=\"elementor-widget-container\">\n\t\t\t\t\t<div class=\"stratum-instagram\">\n\t<div class=\"stratum-instagram__wrapper masonry-grid\">\n\t\t\t\t<div class=\"stratum-instagram__item masonry-item\">\n\t\t\t\t<div class=\"stratum-instagram__media-wrapper\">\n\t\t\t\t\t<a class=\"stratum-instagram__media-link\" target=\"_blank\" href=\"https:\/\/www.instagram.com\/p\/DXKTk2Ykebd\/\">\n\t\t\t\t\t\t\t\t\t\t\t\t\t<img decoding=\"async\" class=\"stratum-instagram__media\" src=\"https:\/\/scontent-gru2-1.cdninstagram.com\/v\/t51.82787-15\/670275715_18114012751749544_6837859404895305933_n.webp?stp=dst-jpg_e35_tt6&#038;_nc_cat=109&#038;ccb=7-5&#038;_nc_sid=18de74&#038;efg=eyJlZmdfdGFnIjoiRkVFRC5iZXN0X2ltYWdlX3VybGdlbi5DMyJ9&#038;_nc_ohc=a0x1HX-eJiEQ7kNvwGnFRk9&#038;_nc_oc=Adrtb6LLxIJojazX8DPHyDpphlhjuNbPEOZ4-UEzUQM1Aiamlq5qhrWBX3vZ5j07A8U&#038;_nc_zt=23&#038;_nc_ht=scontent-gru2-1.cdninstagram.com&#038;edm=ANo9K5cEAAAA&#038;_nc_gid=-0m2uBCsE_fey8saSQfF_A&#038;_nc_tpa=Q5bMBQGeFfBoi3kmcq3iBcdHVwThWv_n4_TB5zbS6_D1IaKbGXXHgFtxT3YGT8N9XwL1UguX2t_iQRj3Tg&#038;oh=00_Af14zZK6EN2UoBfnal9UWz_-vmemFzYqSshMF3OxcuExkg&#038;oe=69E60326\" alt=\"\ud83d\udcbc Voc\u00ea sabe o que mudou no INSS? Entenda agora! Nos \u00faltimos dias, o INSS tem sido um dos assuntos mais comentados nas redes sociais, especialmente sobre as mudan\u00e7as nas regras de aposentadoria e o impacto no valor das contribui\u00e7\u00f5es. Com a reforma da Previd\u00eancia, muitos est\u00e3o em d\u00favida sobre como essas mudan\u00e7as afetam seus&hellip;\"\/>\n\t\t\t\t\t\t\t\t\t\t\t<\/a>\n\t\t\t\t<\/div>\n\t\t\t<\/div>\n\t\t\t\t\t<div class=\"stratum-instagram__item masonry-item\">\n\t\t\t\t<div class=\"stratum-instagram__media-wrapper\">\n\t\t\t\t\t<a class=\"stratum-instagram__media-link\" target=\"_blank\" href=\"https:\/\/www.instagram.com\/reel\/DXJ81H2EaVU\/\">\n\t\t\t\t\t\t\t\t\t\t\t\t\t<img decoding=\"async\" class=\"stratum-instagram__media\" src=\"https:\/\/scontent-gru1-1.cdninstagram.com\/v\/t51.71878-15\/670952024_952675317311200_7308809951644420352_n.jpg?stp=dst-jpg_e35_tt6&#038;_nc_cat=101&#038;ccb=7-5&#038;_nc_sid=18de74&#038;efg=eyJlZmdfdGFnIjoiQ0xJUFMuYmVzdF9pbWFnZV91cmxnZW4uQzMifQ%3D%3D&#038;_nc_ohc=RL3TcE4wW5wQ7kNvwGJDXeT&#038;_nc_oc=Adr1ipCOsp6AGhUaKznLn9LZLFEI3XafZg6d7EppVdEJkwuaQlWFeQ5gtnxTj6vyOpc&#038;_nc_zt=23&#038;_nc_ht=scontent-gru1-1.cdninstagram.com&#038;edm=ANo9K5cEAAAA&#038;_nc_gid=-0m2uBCsE_fey8saSQfF_A&#038;_nc_tpa=Q5bMBQEelUhUA2OQ7qnVxr22snPhg4N2LfuSQKBSzxz3l3A1TtKcpo4lddp-A3vxD-wRmXCFWFgvlDP9_g&#038;oh=00_Af2-Io_4Sh-272hjfU4t9vuUnvg9Spb3mRaZ0SOWLNGw_A&#038;oe=69E6158B\" alt=\"Atraso em viagem a\u00e9rea #atrasovoo #advogado #viagemaerea\"\/>\n\t\t\t\t\t\t\t\t\t\t\t<\/a>\n\t\t\t\t<\/div>\n\t\t\t<\/div>\n\t\t\t\t\t<div class=\"stratum-instagram__item masonry-item\">\n\t\t\t\t<div class=\"stratum-instagram__media-wrapper\">\n\t\t\t\t\t<a class=\"stratum-instagram__media-link\" target=\"_blank\" href=\"https:\/\/www.instagram.com\/reel\/DXJjTCykabd\/\">\n\t\t\t\t\t\t\t\t\t\t\t\t\t<img decoding=\"async\" class=\"stratum-instagram__media\" src=\"https:\/\/scontent-gru2-1.cdninstagram.com\/v\/t51.71878-15\/670426359_1262458402665232_401948043282754990_n.jpg?stp=dst-jpg_e35_tt6&#038;_nc_cat=111&#038;ccb=7-5&#038;_nc_sid=18de74&#038;efg=eyJlZmdfdGFnIjoiQ0xJUFMuYmVzdF9pbWFnZV91cmxnZW4uQzMifQ%3D%3D&#038;_nc_ohc=rsycZHR9AdkQ7kNvwGS6M_F&#038;_nc_oc=AdrztmF1HRvivwV3igG5NgewFmw17Nl9ZL6PmKAmFzzLsFPG_KXi88VOz1h2Z4Bw66Q&#038;_nc_zt=23&#038;_nc_ht=scontent-gru2-1.cdninstagram.com&#038;edm=ANo9K5cEAAAA&#038;_nc_gid=-0m2uBCsE_fey8saSQfF_A&#038;_nc_tpa=Q5bMBQEI_2X6nv5CR3lUIhAiSkAeZJjoZmacRkfIPkjn8h2MbtJzlShL38-nj_K5jY1DGnnR_gACcmE7Ig&#038;oh=00_Af2lP6l0Jg-I1NNV-6bCiFQGddIwpsFqv-iRfhWB-aSC3g&#038;oe=69E606EC\" alt=\"\ud83d\udc94 Pai ausente pode perder at\u00e9 o sobrenome no nome do filho? Sim\u2026 e isso est\u00e1 gerando debate. O STJ j\u00e1 reconheceu que o abandono afetivo pode justificar a retirada do sobrenome paterno. \ud83d\udccc Ou seja\u2026 n\u00e3o \u00e9 s\u00f3 o v\u00ednculo biol\u00f3gico que importa. \u2696\ufe0f O nome carrega identidade, hist\u00f3ria\u2026 e principalmente v\u00ednculo. \ud83d\udc49 Quando&hellip;\"\/>\n\t\t\t\t\t\t\t\t\t\t\t<\/a>\n\t\t\t\t<\/div>\n\t\t\t<\/div>\n\t\t\t\t\t<div class=\"stratum-instagram__item masonry-item\">\n\t\t\t\t<div class=\"stratum-instagram__media-wrapper\">\n\t\t\t\t\t<a class=\"stratum-instagram__media-link\" target=\"_blank\" href=\"https:\/\/www.instagram.com\/p\/DXHYsaqkTpq\/\">\n\t\t\t\t\t\t\t\t\t\t\t\t\t<img decoding=\"async\" class=\"stratum-instagram__media\" src=\"https:\/\/scontent-gru1-1.cdninstagram.com\/v\/t51.82787-15\/670770786_18113897458749544_6732526052285047831_n.webp?stp=dst-jpg_e35_tt6&#038;_nc_cat=104&#038;ccb=7-5&#038;_nc_sid=18de74&#038;efg=eyJlZmdfdGFnIjoiRkVFRC5iZXN0X2ltYWdlX3VybGdlbi5DMyJ9&#038;_nc_ohc=o6E84SgZOV8Q7kNvwFJrr4l&#038;_nc_oc=AdrekcDQo-ImNIEJeMJVi31EXjxd04jFTfGiLpfCxHZ7VT7OS9a6jBmTjPIXw8mH0mE&#038;_nc_zt=23&#038;_nc_ht=scontent-gru1-1.cdninstagram.com&#038;edm=ANo9K5cEAAAA&#038;_nc_gid=-0m2uBCsE_fey8saSQfF_A&#038;_nc_tpa=Q5bMBQFXJM2zYC9HmslZx_CzlAY9v6Rbm50XEqut79Zn9eM9Ol3BEVg1JuHJp3Fgxslyah0eOBdHFfbCbQ&#038;oh=00_Af3jTkZaIo-5mR_flKPBd2qLm-3IBMjPGlLv3oGH2GJidw&#038;oe=69E63357\" alt=\"\ud83c\udfe0 Posso perder meu im\u00f3vel por d\u00edvidas? Entenda Essa \u00e9 uma d\u00favida muito comum \u2014 e a resposta \u00e9: depende do tipo de d\u00edvida. \ud83d\udccc O que diz a lei? A Lei n\u00ba 8.009\/1990 protege o chamado bem de fam\u00edlia, ou seja, o im\u00f3vel utilizado como moradia da fam\u00edlia, tornando-o impenhor\u00e1vel na maioria dos casos.&hellip;\"\/>\n\t\t\t\t\t\t\t\t\t\t\t<\/a>\n\t\t\t\t<\/div>\n\t\t\t<\/div>\n\t\t\t\t\t<div class=\"stratum-instagram__item masonry-item\">\n\t\t\t\t<div class=\"stratum-instagram__media-wrapper\">\n\t\t\t\t\t<a class=\"stratum-instagram__media-link\" target=\"_blank\" href=\"https:\/\/www.instagram.com\/reel\/DXHRdhpjcdG\/\">\n\t\t\t\t\t\t\t\t\t\t\t\t\t<img decoding=\"async\" class=\"stratum-instagram__media\" src=\"https:\/\/scontent-gru1-1.cdninstagram.com\/v\/t51.71878-15\/670009598_1312601644126475_5432715160392071962_n.jpg?stp=dst-jpg_e35_tt6&#038;_nc_cat=101&#038;ccb=7-5&#038;_nc_sid=18de74&#038;efg=eyJlZmdfdGFnIjoiQ0xJUFMuYmVzdF9pbWFnZV91cmxnZW4uQzMifQ%3D%3D&#038;_nc_ohc=hTp7_YWHjVUQ7kNvwEgFph_&#038;_nc_oc=Adph_Pu0pB1uqlzKSuOq_GXyNr87IUk2MA1oHYH3G5wzhBmPvwRyuHlIc5pu77KHJvA&#038;_nc_zt=23&#038;_nc_ht=scontent-gru1-1.cdninstagram.com&#038;edm=ANo9K5cEAAAA&#038;_nc_gid=-0m2uBCsE_fey8saSQfF_A&#038;_nc_tpa=Q5bMBQGOUYbEyuAoxsKGSN5PGApbhoMBxgOOhLW7ZrtnitxjUrbsS-HmAQ85AMYSKy8attsC3RRmeox7dw&#038;oh=00_Af3wYlpaoAJNpgk4tkoFtbv2qT0pJZm4JabAqiV5xzqozA&#038;oe=69E61BBA\" alt=\"Div\u00f3rcio, Guarda e Pens\u00e3o Aliment\u00edcia, saiba como funciona: #pensaoaliment\u00edcia #guarda #divorcio #Advogado #filhos\"\/>\n\t\t\t\t\t\t\t\t\t\t\t<\/a>\n\t\t\t\t<\/div>\n\t\t\t<\/div>\n\t\t\t\t\t<div class=\"stratum-instagram__item masonry-item\">\n\t\t\t\t<div class=\"stratum-instagram__media-wrapper\">\n\t\t\t\t\t<a class=\"stratum-instagram__media-link\" target=\"_blank\" href=\"https:\/\/www.instagram.com\/p\/DXHMg_ukUAR\/\">\n\t\t\t\t\t\t\t\t\t\t\t\t\t<img decoding=\"async\" class=\"stratum-instagram__media\" src=\"https:\/\/scontent-gru1-2.cdninstagram.com\/v\/t51.82787-15\/670296385_18113888431749544_8101320652263357803_n.webp?stp=dst-jpg_e35_tt6&#038;_nc_cat=110&#038;ccb=7-5&#038;_nc_sid=18de74&#038;efg=eyJlZmdfdGFnIjoiRkVFRC5iZXN0X2ltYWdlX3VybGdlbi5DMyJ9&#038;_nc_ohc=ubwbPV6bHQMQ7kNvwGUVrAn&#038;_nc_oc=AdqLcC142k1wuqMhMHZWAZLXUuubKVw1zmpLa7gFPK9t61GZOAmDiUwXr_eOceU-QKY&#038;_nc_zt=23&#038;_nc_ht=scontent-gru1-2.cdninstagram.com&#038;edm=ANo9K5cEAAAA&#038;_nc_gid=-0m2uBCsE_fey8saSQfF_A&#038;_nc_tpa=Q5bMBQHCA9lO2GI69biMOCSCV7NFGdszUuEB1MEtyDvurjEnpeDsPlgXN7B9khHkpJKCoO8qFpsPUiEO3g&#038;oh=00_Af0DuHX-amVDUwROGgtI43UXsrlKFJ9USH6GlMZFfyYCpg&#038;oe=69E62ADA\" alt=\"\"\/>\n\t\t\t\t\t\t\t\t\t\t\t<\/a>\n\t\t\t\t<\/div>\n\t\t\t<\/div>\n\t\t\t<\/div>\n<\/div>\n\t\t\t\t<\/div>\n\t\t\t\t<\/div>\n\t\t\t\t<div class=\"elementor-element elementor-element-4ee24ea elementor-align-center elementor-widget elementor-widget-button\" data-id=\"4ee24ea\" data-element_type=\"widget\" data-e-type=\"widget\" data-widget_type=\"button.default\">\n\t\t\t\t<div class=\"elementor-widget-container\">\n\t\t\t\t\t\t\t\t\t<div class=\"elementor-button-wrapper\">\n\t\t\t\t\t<a class=\"elementor-button elementor-button-link elementor-size-sm\" href=\"https:\/\/www.instagram.com\/advocaciadelamarebonfim\" target=\"_blank\">\n\t\t\t\t\t\t<span class=\"elementor-button-content-wrapper\">\n\t\t\t\t\t\t<span class=\"elementor-button-icon\">\n\t\t\t\t<i aria-hidden=\"true\" class=\"fab fa-instagram\"><\/i>\t\t\t<\/span>\n\t\t\t\t\t\t\t\t\t<span class=\"elementor-button-text\">Acesse mais artigos aqui<\/span>\n\t\t\t\t\t<\/span>\n\t\t\t\t\t<\/a>\n\t\t\t\t<\/div>\n\t\t\t\t\t\t\t\t<\/div>\n\t\t\t\t<\/div>\n\t\t\t\t\t<\/div>\n\t\t<\/div>\n\t\t\t\t\t<\/div>\n\t\t<\/section>\n\t\t\t\t<\/div>\n\t\t","protected":false},"excerpt":{"rendered":"<p>Artigos Acesse mais artigos aqui<\/p>\n","protected":false},"author":2,"featured_media":0,"parent":0,"menu_order":0,"comment_status":"closed","ping_status":"closed","template":"elementor_header_footer","meta":{"ocean_post_layout":"","ocean_both_sidebars_style":"","ocean_both_sidebars_content_width":0,"ocean_both_sidebars_sidebars_width":0,"ocean_sidebar":"","ocean_second_sidebar":"","ocean_disable_margins":"enable","ocean_add_body_class":"","ocean_shortcode_before_top_bar":"","ocean_shortcode_after_top_bar":"","ocean_shortcode_before_header":"","ocean_shortcode_after_header":"","ocean_has_shortcode":"","ocean_shortcode_after_title":"","ocean_shortcode_before_footer_widgets":"","ocean_shortcode_after_footer_widgets":"","ocean_shortcode_before_footer_bottom":"","ocean_shortcode_after_footer_bottom":"","ocean_display_top_bar":"default","ocean_display_header":"default","ocean_header_style":"","ocean_center_header_left_menu":"","ocean_custom_header_template":"","ocean_custom_logo":0,"ocean_custom_retina_logo":0,"ocean_custom_logo_max_width":0,"ocean_custom_logo_tablet_max_width":0,"ocean_custom_logo_mobile_max_width":0,"ocean_custom_logo_max_height":0,"ocean_custom_logo_tablet_max_height":0,"ocean_custom_logo_mobile_max_height":0,"ocean_header_custom_menu":"","ocean_menu_typo_font_family":"","ocean_menu_typo_font_subset":"","ocean_menu_typo_font_size":0,"ocean_menu_typo_font_size_tablet":0,"ocean_menu_typo_font_size_mobile":0,"ocean_menu_typo_font_size_unit":"px","ocean_menu_typo_font_weight":"","ocean_menu_typo_font_weight_tablet":"","ocean_menu_typo_font_weight_mobile":"","ocean_menu_typo_transform":"","ocean_menu_typo_transform_tablet":"","ocean_menu_typo_transform_mobile":"","ocean_menu_typo_line_height":0,"ocean_menu_typo_line_height_tablet":0,"ocean_menu_typo_line_height_mobile":0,"ocean_menu_typo_line_height_unit":"","ocean_menu_typo_spacing":0,"ocean_menu_typo_spacing_tablet":0,"ocean_menu_typo_spacing_mobile":0,"ocean_menu_typo_spacing_unit":"","ocean_menu_link_color":"","ocean_menu_link_color_hover":"","ocean_menu_link_color_active":"","ocean_menu_link_background":"","ocean_menu_link_hover_background":"","ocean_menu_link_active_background":"","ocean_menu_social_links_bg":"","ocean_menu_social_hover_links_bg":"","ocean_menu_social_links_color":"","ocean_menu_social_hover_links_color":"","ocean_disable_title":"default","ocean_disable_heading":"default","ocean_post_title":"","ocean_post_subheading":"","ocean_post_title_style":"","ocean_post_title_background_color":"","ocean_post_title_background":0,"ocean_post_title_bg_image_position":"","ocean_post_title_bg_image_attachment":"","ocean_post_title_bg_image_repeat":"","ocean_post_title_bg_image_size":"","ocean_post_title_height":0,"ocean_post_title_bg_overlay":0.5,"ocean_post_title_bg_overlay_color":"","ocean_disable_breadcrumbs":"default","ocean_breadcrumbs_color":"","ocean_breadcrumbs_separator_color":"","ocean_breadcrumbs_links_color":"","ocean_breadcrumbs_links_hover_color":"","ocean_display_footer_widgets":"default","ocean_display_footer_bottom":"default","ocean_custom_footer_template":"","footnotes":""},"class_list":["post-679","page","type-page","status-publish","hentry","entry"],"_links":{"self":[{"href":"https:\/\/delamarebonfim.adv.br\/site\/wp-json\/wp\/v2\/pages\/679","targetHints":{"allow":["GET"]}}],"collection":[{"href":"https:\/\/delamarebonfim.adv.br\/site\/wp-json\/wp\/v2\/pages"}],"about":[{"href":"https:\/\/delamarebonfim.adv.br\/site\/wp-json\/wp\/v2\/types\/page"}],"author":[{"embeddable":true,"href":"https:\/\/delamarebonfim.adv.br\/site\/wp-json\/wp\/v2\/users\/2"}],"replies":[{"embeddable":true,"href":"https:\/\/delamarebonfim.adv.br\/site\/wp-json\/wp\/v2\/comments?post=679"}],"version-history":[{"count":31,"href":"https:\/\/delamarebonfim.adv.br\/site\/wp-json\/wp\/v2\/pages\/679\/revisions"}],"predecessor-version":[{"id":738,"href":"https:\/\/delamarebonfim.adv.br\/site\/wp-json\/wp\/v2\/pages\/679\/revisions\/738"}],"wp:attachment":[{"href":"https:\/\/delamarebonfim.adv.br\/site\/wp-json\/wp\/v2\/media?parent=679"}],"curies":[{"name":"wp","href":"https:\/\/api.w.org\/{rel}","templated":true}]}}